{"id":55,"date":"2011-06-20T10:35:31","date_gmt":"2011-06-20T10:35:31","guid":{"rendered":"http:\/\/www.thomasfischerberlin.de\/?page_id=55"},"modified":"2025-02-12T13:35:33","modified_gmt":"2025-02-12T13:35:33","slug":"biografie","status":"publish","type":"page","link":"https:\/\/www.thomasfischerberlin.de\/index.php\/biografie\/","title":{"rendered":"Biografie"},"content":{"rendered":"<p>Biografie<\/p>\n<p>1964 in Bochum geboren.<br \/>\nLebt und arbeitet in Berlin<\/p>\n<p>&nbsp;<\/p>\n<table>\n<tbody>\n<tr>\n<td>1987 &#8211; 1992<\/td>\n<td>Studium der freien Kunst (Malerei) an der Kunstakademie D\u00fcsseldorf.<\/td>\n<\/tr>\n<tr>\n<td>1992<\/td>\n<td>Meistersch\u00fcler von Prof. Alfonso H\u00fcppi.<\/td>\n<\/tr>\n<tr>\n<td>2011<\/td>\n<td>Arbeitstipendium Kunstfonds Bonn<\/td>\n<\/tr>\n<\/tbody>\n<\/table>\n<h1>Ausstellungen (Auswahl):<\/h1>\n<table>\n<tbody>\n<tr>\n<td>2001<\/td>\n<td>\u201e16 Fehler Ja\u201c Galerie Malakoff, Freiburg i.B<a title=\"Ausstellung 16 Fehler Ja\" href=\"http:\/\/www.thomasfischerberlin.de\/index.php\/biografie\/16-fehler-ja\/\">Ansichten<\/a><\/td>\n<\/tr>\n<tr>\n<td>2007<\/td>\n<td>\u201eFischertechnik Vol. 1\u201c Kunstverein Dortmund<em> E <\/em><a title=\"Ausstellung Fischertechnik Vol. 1\" href=\"http:\/\/www.thomasfischerberlin.de\/index.php\/biografie\/ausstellung-fischertechnik-vol-1\/\">Ansichten<\/a><\/td>\n<\/tr>\n<tr>\n<td>2008<\/td>\n<td>\u201e5. Berliner Kunstsalon\u201c Berlin<a title=\"Ausstellung 5. Berliner Kunstsalon\" href=\"http:\/\/www.thomasfischerberlin.de\/index.php\/biografie\/ausstellung-5-berliner-kunstsalon\/\">Ansichten<\/a><\/td>\n<\/tr>\n<tr>\n<td>2009<\/td>\n<td>\u201eAnnexe \/ Infix\u201c, 798 Bienale Beijing 2009 <em>G<\/em> <a title=\"Ausstellung Annexe \/ Infix\" href=\"http:\/\/www.thomasfischerberlin.de\/index.php\/biografie\/ausstellung-annexe-infix\/\">Ansichten<\/a><br \/>\n\u201eOther Factors\u201c Other Galerie Beijing <em>G<\/em><br \/>\n\u201eFischertechnik Vol. 2\u201c Kunstverein Bochum <em>E<\/em> <a title=\"Ausstellung Fischertechnik Vol. 2\" href=\"http:\/\/www.thomasfischerberlin.de\/index.php\/biografie\/ausstellung-fischertechnik-vol-2\/\">Ansichten<\/a><br \/>\n\u201eAufholen, Einholen, \u00dcberholen\u201c Galerie Robert Drees Hannover <em>E<\/em><\/td>\n<\/tr>\n<tr>\n<td>2010<\/td>\n<td>\u201eTime, space&#8230;meh!\u201c Galerie Matthew Bown, Berlin. <em>G<\/em><br \/>\n\u201eTelephone\u201c Galerie Matthew Bown, Berlin. <em>G<\/em> <a title=\"Ausstellung Telephone\" href=\"http:\/\/www.thomasfischerberlin.de\/index.php\/biografie\/ausstellung-telephone\/\">Ansichten<\/a><em><br \/>\n<\/em><\/td>\n<\/tr>\n<tr>\n<td>2011<\/td>\n<td>\u201eMonte Verita\u201c Kunstverein Familie Montez e.V.Frankfurt <em>G<\/em>&nbsp;<\/p>\n<p>\u201eLovelandpass&#8221; Gr\u00f6lle Pass:Projects, Wuppertal. <em>G <\/em><\/p>\n<p>\u201eTwinkle Lights\u201c Christ-K\u00f6nig Kirche Bochum <em>E<\/em> <a title=\"Ausstellung Twinkle Lights\" href=\"http:\/\/www.thomasfischerberlin.de\/index.php\/biografie\/ausstellung-twinkle-lights\/\">Ansichten<\/a><\/td>\n<\/tr>\n<tr>\n<td>2014<\/td>\n<td>\u201eDrei Stile eine Bl\u00fcte\u201c Spree Caree Berlin <em>G<\/em><br \/>\n\u201eWIN WIN\u201c K\u00f6ln<em> <\/em> <a title=\"Ausstellung WIN WIN\" href=\"http:\/\/www.thomasfischerberlin.de\/index.php\/biografie\/ausstellung-win-win\/\">Ansichten<\/a><\/td>\n<\/tr>\n<tr>\n<td>2015<\/td>\n<td>\u201e3. Ruhrbienale\u201c Duisburg <em>G<\/em><\/td>\n<\/tr>\n<tr>\n<td>2015<\/td>\n<td>&#8220;Voyage, Voyage&#8221; C&amp;K Galerie Berlin <em>G<\/em><\/td>\n<\/tr>\n<tr>\n<td>2016<\/td>\n<td>&#8220;Setzen,Stellen,Legen&#8221; Kunstraum Bethanien <em>G<\/em><\/p>\n<p>L\u00f2iseau presente &#8220;Kaleidoskop&#8221; Ballhaus Ost Berlin <em>G<\/em><br \/>\n<\/tr>\n<\/tr>\n<td>2017<\/td>\n<td>&#8220;Creating Space&#8221; BMW Foundation Herbert Quandt Berlin <em>G<\/em><br \/>\n&#8220;m\u00e4\u00dfiges Heimweh&#8221; Rottstra\u00dfe 5 Kunsthalle Bochum <em>E<\/em><br \/>\n<\/tr>\n<td>2018<\/td>\n<td>&#8220;Bochumer K\u00fcnstler&#8221; Museum Bochum <em>G<\/em><br \/>\n<\/tr>\n<\/tbody>\n<td>2019<\/td>\n<td>\u201eHalbtraum\u201c Neuer Kunstraum D\u00fcsseldorf <em>G<\/em><br \/>\n\u201eTransformart\u201c Rathenau Hallen Berlin <em>G<\/em><br \/>\n<\/tr>\n<tr>\n<td>2020<\/td>\n<td>&#8220;Heile Welt Idylle&#8221; Kunstverein Bahnitz <em>G<\/em><br \/>\n<\/tr>\n<\/tbody>\n<td>2024<\/td>\n<td>\u201eDie Grosse\u201c Kunstpalast, NRW-Forum D\u00fcsseldorf <em>G<\/em><br \/>\n\u201eBochumer K\u00fcnstler\u201c Kunstmuseum Bochum <em>G<\/em><br \/>\n<\/tr>\n<tr>\n<td>2025<\/td>\n<td>&#8220;Lumen&#8221; Schloss Biesdorf Berlin <em>G<\/em><\/td>\n<\/tr>\n<\/tbody>\n<\/table>\n","protected":false},"excerpt":{"rendered":"<p>Biografie 1964 in Bochum geboren. Lebt und arbeitet in Berlin &nbsp; 1987 &#8211; 1992 Studium der freien Kunst (Malerei) an der Kunstakademie D\u00fcsseldorf. 1992 Meistersch\u00fcler von Prof. Alfonso H\u00fcppi. 2011 Arbeitstipendium Kunstfonds Bonn Ausstellungen (Auswahl): 2001 \u201e16 Fehler Ja\u201c Galerie &hellip; <a href=\"https:\/\/www.thomasfischerberlin.de\/index.php\/biografie\/\">Continue reading <span class=\"meta-nav\">&rarr;<\/span><\/a><\/p>\n","protected":false},"author":1,"featured_media":0,"parent":0,"menu_order":0,"comment_status":"closed","ping_status":"closed","template":"","meta":{"footnotes":""},"language":[6],"class_list":["post-55","page","type-page","status-publish","hentry","language-de_de"],"_links":{"self":[{"href":"https:\/\/www.thomasfischerberlin.de\/index.php\/wp-json\/wp\/v2\/pages\/55","targetHints":{"allow":["GET"]}}],"collection":[{"href":"https:\/\/www.thomasfischerberlin.de\/index.php\/wp-json\/wp\/v2\/pages"}],"about":[{"href":"https:\/\/www.thomasfischerberlin.de\/index.php\/wp-json\/wp\/v2\/types\/page"}],"author":[{"embeddable":true,"href":"https:\/\/www.thomasfischerberlin.de\/index.php\/wp-json\/wp\/v2\/users\/1"}],"replies":[{"embeddable":true,"href":"https:\/\/www.thomasfischerberlin.de\/index.php\/wp-json\/wp\/v2\/comments?post=55"}],"version-history":[{"count":50,"href":"https:\/\/www.thomasfischerberlin.de\/index.php\/wp-json\/wp\/v2\/pages\/55\/revisions"}],"predecessor-version":[{"id":1718,"href":"https:\/\/www.thomasfischerberlin.de\/index.php\/wp-json\/wp\/v2\/pages\/55\/revisions\/1718"}],"wp:attachment":[{"href":"https:\/\/www.thomasfischerberlin.de\/index.php\/wp-json\/wp\/v2\/media?parent=55"}],"wp:term":[{"taxonomy":"language","embeddable":true,"href":"https:\/\/www.thomasfischerberlin.de\/index.php\/wp-json\/wp\/v2\/language?post=55"}],"curies":[{"name":"wp","href":"https:\/\/api.w.org\/{rel}","templated":true}]}}